{"id":4020,"date":"2020-01-20T14:30:03","date_gmt":"2020-01-20T19:30:03","guid":{"rendered":"https:\/\/steamatic.ca\/?page_id=4020"},"modified":"2020-07-17T14:25:11","modified_gmt":"2020-07-17T18:25:11","slug":"postulez","status":"publish","type":"page","link":"https:\/\/steamatic.ca\/fr\/postulez\/","title":{"rendered":"Postulez"},"content":{"rendered":"\n<div class=\"wpcf7 no-js\" id=\"wpcf7-f4022-o1\" lang=\"en-US\" dir=\"ltr\" data-wpcf7-id=\"4022\">\n<div class=\"screen-reader-response\"><p role=\"status\" aria-live=\"polite\" aria-atomic=\"true\"><\/p> <ul><\/ul><\/div>\n<form action=\"\/fr\/wp-json\/wp\/v2\/pages\/4020#wpcf7-f4022-o1\" method=\"post\" class=\"wpcf7-form init\" aria-label=\"Contact form\" enctype=\"multipart\/form-data\" novalidate=\"novalidate\" data-status=\"init\">\n<fieldset class=\"hidden-fields-container\"><input type=\"hidden\" name=\"_wpcf7\" value=\"4022\" \/><input type=\"hidden\" name=\"_wpcf7_version\" value=\"6.1.5\" \/><input type=\"hidden\" name=\"_wpcf7_locale\" value=\"en_US\" \/><input type=\"hidden\" name=\"_wpcf7_unit_tag\" value=\"wpcf7-f4022-o1\" \/><input type=\"hidden\" name=\"_wpcf7_container_post\" value=\"0\" \/><input type=\"hidden\" name=\"_wpcf7_posted_data_hash\" value=\"\" \/><input type=\"hidden\" name=\"_wpcf7_recaptcha_response\" value=\"\" \/>\n<\/fieldset>\n<div class=\"postulezform bg-grispale p-5\">\n\t<div class=\"form-group\">\n\t\t<p><label>Emploi postul\u00e9<\/label><br \/>\n<span class=\"wpcf7-form-control-wrap\" data-name=\"your-emploi\"><input size=\"40\" maxlength=\"400\" class=\"wpcf7-form-control wpcf7-text form-control brad0\" readonly=\"readonly\" aria-invalid=\"false\" value=\"\" type=\"text\" name=\"your-emploi\" \/><\/span>\n\t\t<\/p>\n\t<\/div>\n\t<div class=\"row mb-4\">\n\t\t<div class=\"col-lg-6\">\n\t\t\t<p><label>Pr\u00e9nom*<\/label><br \/>\n<span class=\"wpcf7-form-control-wrap\" data-name=\"your-prenom\"><input size=\"40\" maxlength=\"400\" class=\"wpcf7-form-control wpcf7-text wpcf7-validates-as-required form-control brad0\" aria-required=\"true\" aria-invalid=\"false\" value=\"\" type=\"text\" name=\"your-prenom\" \/><\/span>\n\t\t\t<\/p>\n\t\t<\/div>\n\t\t<div class=\"col-lg-6\">\n\t\t\t<p><label>Nom*<\/label><br \/>\n<span class=\"wpcf7-form-control-wrap\" data-name=\"your-nom\"><input size=\"40\" maxlength=\"400\" class=\"wpcf7-form-control wpcf7-text wpcf7-validates-as-required form-control brad0\" aria-required=\"true\" aria-invalid=\"false\" value=\"\" type=\"text\" name=\"your-nom\" \/><\/span>\n\t\t\t<\/p>\n\t\t<\/div>\n\t<\/div>\n\t<div class=\"row mb-4\">\n\t\t<div class=\"col-lg-6\">\n\t\t\t<p><label>Email*<\/label><br \/>\n<span class=\"wpcf7-form-control-wrap\" data-name=\"your-email\"><input size=\"40\" maxlength=\"400\" class=\"wpcf7-form-control wpcf7-email wpcf7-validates-as-required wpcf7-text wpcf7-validates-as-email form-control brad0\" aria-required=\"true\" aria-invalid=\"false\" value=\"\" type=\"email\" name=\"your-email\" \/><\/span>\n\t\t\t<\/p>\n\t\t<\/div>\n\t\t<div class=\"col-lg-6\">\n\t\t\t<p><label>T\u00e9l\u00e9phone*<\/label><br \/>\n<span class=\"wpcf7-form-control-wrap\" data-name=\"your-tel\"><input size=\"40\" maxlength=\"400\" class=\"wpcf7-form-control wpcf7-tel wpcf7-validates-as-required wpcf7-text wpcf7-validates-as-tel form-control brad0\" aria-required=\"true\" aria-invalid=\"false\" value=\"\" type=\"tel\" name=\"your-tel\" \/><\/span>\n\t\t\t<\/p>\n\t\t<\/div>\n\t<\/div>\n\t<div class=\"form-group\">\n\t\t<p><label>Code Postal*<\/label><br \/>\n<span class=\"wpcf7-form-control-wrap\" data-name=\"your-zip\"><input size=\"40\" maxlength=\"400\" class=\"wpcf7-form-control wpcf7-text wpcf7-validates-as-required form-control brad0\" aria-required=\"true\" aria-invalid=\"false\" value=\"\" type=\"text\" name=\"your-zip\" \/><\/span>\n\t\t<\/p>\n\t<\/div>\n\t<div class=\"form-group\">\n\t\t<p><label>Message<\/label><br \/>\n<span class=\"wpcf7-form-control-wrap\" data-name=\"your-message\"><textarea cols=\"40\" rows=\"10\" maxlength=\"2000\" class=\"wpcf7-form-control wpcf7-textarea form-control brad0\" aria-invalid=\"false\" name=\"your-message\"><\/textarea><\/span>\n\t\t<\/p>\n\t<\/div>\n\t<div class=\"form-group\">\n\t\t<p><label>Votre CV<\/label><br \/>\n<span class=\"wpcf7-form-control-wrap\" data-name=\"your-file\"><input size=\"40\" class=\"wpcf7-form-control wpcf7-file wpcf7-validates-as-required form-control brad0\" accept=\".doc,.docx,.pdf\" aria-required=\"true\" aria-invalid=\"false\" type=\"file\" name=\"your-file\" \/><\/span><br \/>\n<small>Seuls les formats .doc, .docx et .pdf sont accept\u00e9s<\/small>\n\t\t<\/p>\n\t<\/div>\n\t<div>\n\t<input class=\"wpcf7-form-control wpcf7-hidden\" value=\"\" type=\"hidden\" name=\"post-id\" \/>\n\t\t<p><button id=\"submit\" class=\"wpcf7-form-control wpcf7-submit btn-1 btn-5 mt-4 d-flex mx-auto\"><span>ENVOYER<\/span><\/button>\n\t\t<\/p>\n\t<\/div>\n<\/div><input type=\"hidden\" id=\"ct_checkjs_cf7_3dc4876f3f08201c7c76cb71fa1da439\" name=\"ct_checkjs_cf7\" value=\"0\" \/><script >setTimeout(function(){var ct_input_name = \"ct_checkjs_cf7_3dc4876f3f08201c7c76cb71fa1da439\";if (document.getElementById(ct_input_name) !== null) {var ct_input_value = document.getElementById(ct_input_name).value;document.getElementById(ct_input_name).value = document.getElementById(ct_input_name).value.replace(ct_input_value, '1764561540');}}, 1000);<\/script><input\n                    class=\"apbct_special_field apbct_email_id__wp_contact_form_7\"\n                    name=\"apbct__email_id__wp_contact_form_7\"\n                    aria-label=\"apbct__label_id__wp_contact_form_7\"\n                    type=\"text\" size=\"30\" maxlength=\"200\" autocomplete=\"off\"\n                    value=\"\"\n                \/><div class=\"wpcf7-response-output\" aria-hidden=\"true\"><\/div>\n<\/form>\n<\/div>\n\n","protected":false},"excerpt":{"rendered":"Emploi postul\u00e9 Pr\u00e9nom* Nom* Email* T\u00e9l\u00e9phone* Code Postal* Message Votre CV Seuls les formats .doc, .docx et .pdf sont accept\u00e9s ENVOYER","protected":false},"author":1,"featured_media":0,"parent":0,"menu_order":5,"comment_status":"closed","ping_status":"closed","template":"template-postulez.php","meta":{"_acf_changed":false,"_seopress_robots_primary_cat":"0","_seopress_titles_title":"Postulez emploi chez Steamatic %%page%% %%sep%% %%sitename%% Canada","_seopress_titles_desc":"Postulez emploi Steamatic - Postulez chez Steamatic pour joindre une entreprise dynamique et stimulante sp\u00e9cialis\u00e9e dans les services apr\u00e8s sinistres.","_seopress_robots_index":"","footnotes":""},"class_list":["post-4020","page","type-page","status-publish","hentry"],"acf":[],"_links":{"self":[{"href":"https:\/\/steamatic.ca\/fr\/wp-json\/wp\/v2\/pages\/4020","targetHints":{"allow":["GET"]}}],"collection":[{"href":"https:\/\/steamatic.ca\/fr\/wp-json\/wp\/v2\/pages"}],"about":[{"href":"https:\/\/steamatic.ca\/fr\/wp-json\/wp\/v2\/types\/page"}],"author":[{"embeddable":true,"href":"https:\/\/steamatic.ca\/fr\/wp-json\/wp\/v2\/users\/1"}],"replies":[{"embeddable":true,"href":"https:\/\/steamatic.ca\/fr\/wp-json\/wp\/v2\/comments?post=4020"}],"version-history":[{"count":2,"href":"https:\/\/steamatic.ca\/fr\/wp-json\/wp\/v2\/pages\/4020\/revisions"}],"predecessor-version":[{"id":4023,"href":"https:\/\/steamatic.ca\/fr\/wp-json\/wp\/v2\/pages\/4020\/revisions\/4023"}],"wp:attachment":[{"href":"https:\/\/steamatic.ca\/fr\/wp-json\/wp\/v2\/media?parent=4020"}],"curies":[{"name":"wp","href":"https:\/\/api.w.org\/{rel}","templated":true}]}}