{"id":3949,"date":"2020-01-20T11:24:44","date_gmt":"2020-01-20T16:24:44","guid":{"rendered":"https:\/\/steamatic.ca\/?page_id=3949"},"modified":"2026-04-02T16:25:48","modified_gmt":"2026-04-02T20:25:48","slug":"notre-equipe","status":"publish","type":"page","link":"https:\/\/steamatic.ca\/fr\/notre-equipe\/","title":{"rendered":"Notre \u00e9quipe"},"content":{"rendered":"","protected":false},"excerpt":{"rendered":"","protected":false},"author":1,"featured_media":6985,"parent":0,"menu_order":7,"comment_status":"closed","ping_status":"closed","template":"template-equipe.php","meta":{"_acf_changed":false,"_seopress_robots_primary_cat":"","_seopress_titles_title":"Notre \u00e9quipe Steamatic Canada%%page%% %%sep%% %%sitename%% Canada","_seopress_titles_desc":"Notre \u00e9quipe Steamatic Canada - Forte d'une exp\u00e9rience confirm\u00e9e dans son domaine, d\u00e9couvrez les membres de notre \u00e9quipe de direction.","_seopress_robots_index":"","footnotes":""},"class_list":["post-3949","page","type-page","status-publish","has-post-thumbnail","hentry"],"acf":[],"_links":{"self":[{"href":"https:\/\/steamatic.ca\/fr\/wp-json\/wp\/v2\/pages\/3949","targetHints":{"allow":["GET"]}}],"collection":[{"href":"https:\/\/steamatic.ca\/fr\/wp-json\/wp\/v2\/pages"}],"about":[{"href":"https:\/\/steamatic.ca\/fr\/wp-json\/wp\/v2\/types\/page"}],"author":[{"embeddable":true,"href":"https:\/\/steamatic.ca\/fr\/wp-json\/wp\/v2\/users\/1"}],"replies":[{"embeddable":true,"href":"https:\/\/steamatic.ca\/fr\/wp-json\/wp\/v2\/comments?post=3949"}],"version-history":[{"count":15,"href":"https:\/\/steamatic.ca\/fr\/wp-json\/wp\/v2\/pages\/3949\/revisions"}],"predecessor-version":[{"id":7473,"href":"https:\/\/steamatic.ca\/fr\/wp-json\/wp\/v2\/pages\/3949\/revisions\/7473"}],"wp:featuredmedia":[{"embeddable":true,"href":"https:\/\/steamatic.ca\/fr\/wp-json\/wp\/v2\/media\/6985"}],"wp:attachment":[{"href":"https:\/\/steamatic.ca\/fr\/wp-json\/wp\/v2\/media?parent=3949"}],"curies":[{"name":"wp","href":"https:\/\/api.w.org\/{rel}","templated":true}]}}