{"id":304,"date":"2019-11-29T15:13:41","date_gmt":"2019-11-29T20:13:41","guid":{"rendered":"https:\/\/steamatic.ca\/?page_id=304"},"modified":"2020-07-17T15:54:09","modified_gmt":"2020-07-17T19:54:09","slug":"demolition-renovation-et-reconstruction","status":"publish","type":"page","link":"https:\/\/steamatic.ca\/fr\/apres-sinistre\/demolition-renovation-et-reconstruction\/","title":{"rendered":"D\u00e9molition, r\u00e9novation et reconstruction"},"content":{"rendered":"","protected":false},"excerpt":{"rendered":"","protected":false},"author":1,"featured_media":0,"parent":173,"menu_order":12,"comment_status":"closed","ping_status":"closed","template":"template-services.php","meta":{"_acf_changed":false,"_seopress_robots_primary_cat":"0","_seopress_titles_title":"D\u00e9molition r\u00e9novation reconstruction Steamatic %%page%% %%sep%% %%sitename%%","_seopress_titles_desc":"Nos services comprennent la d\u00e9molition, la r\u00e9novation et la reconstruction pour tous dommages caus\u00e9s par les d\u00e9sastres naturels ou autres.","_seopress_robots_index":"","footnotes":""},"class_list":["post-304","page","type-page","status-publish","hentry"],"acf":[],"_links":{"self":[{"href":"https:\/\/steamatic.ca\/fr\/wp-json\/wp\/v2\/pages\/304","targetHints":{"allow":["GET"]}}],"collection":[{"href":"https:\/\/steamatic.ca\/fr\/wp-json\/wp\/v2\/pages"}],"about":[{"href":"https:\/\/steamatic.ca\/fr\/wp-json\/wp\/v2\/types\/page"}],"author":[{"embeddable":true,"href":"https:\/\/steamatic.ca\/fr\/wp-json\/wp\/v2\/users\/1"}],"replies":[{"embeddable":true,"href":"https:\/\/steamatic.ca\/fr\/wp-json\/wp\/v2\/comments?post=304"}],"version-history":[{"count":16,"href":"https:\/\/steamatic.ca\/fr\/wp-json\/wp\/v2\/pages\/304\/revisions"}],"predecessor-version":[{"id":4717,"href":"https:\/\/steamatic.ca\/fr\/wp-json\/wp\/v2\/pages\/304\/revisions\/4717"}],"up":[{"embeddable":true,"href":"https:\/\/steamatic.ca\/fr\/wp-json\/wp\/v2\/pages\/173"}],"wp:attachment":[{"href":"https:\/\/steamatic.ca\/fr\/wp-json\/wp\/v2\/media?parent=304"}],"curies":[{"name":"wp","href":"https:\/\/api.w.org\/{rel}","templated":true}]}}