{"id":297,"date":"2019-11-29T15:05:44","date_gmt":"2019-11-29T20:05:44","guid":{"rendered":"https:\/\/steamatic.ca\/?page_id=297"},"modified":"2020-07-17T15:58:52","modified_gmt":"2020-07-17T19:58:52","slug":"elimination-et-decontamination-de-moisissure","status":"publish","type":"page","link":"https:\/\/steamatic.ca\/fr\/apres-sinistre\/elimination-et-decontamination-de-moisissure\/","title":{"rendered":"\u00c9limination de moisissure et d\u00e9contamination"},"content":{"rendered":"","protected":false},"excerpt":{"rendered":"","protected":false},"author":1,"featured_media":0,"parent":173,"menu_order":15,"comment_status":"closed","ping_status":"closed","template":"template-services.php","meta":{"_acf_changed":false,"_seopress_robots_primary_cat":"0","_seopress_titles_title":"\u00c9limination de moisissure et d\u00e9contamination %%page%% %%sep%% %%sitename%%","_seopress_titles_desc":"\u00c9limination de moisissure et d\u00e9contamination - Identifie les infections \u00e0 la moisissure avant de retirer les champignons pour recr\u00e9er un environnement sain","_seopress_robots_index":"","footnotes":""},"class_list":["post-297","page","type-page","status-publish","hentry"],"acf":[],"_links":{"self":[{"href":"https:\/\/steamatic.ca\/fr\/wp-json\/wp\/v2\/pages\/297","targetHints":{"allow":["GET"]}}],"collection":[{"href":"https:\/\/steamatic.ca\/fr\/wp-json\/wp\/v2\/pages"}],"about":[{"href":"https:\/\/steamatic.ca\/fr\/wp-json\/wp\/v2\/types\/page"}],"author":[{"embeddable":true,"href":"https:\/\/steamatic.ca\/fr\/wp-json\/wp\/v2\/users\/1"}],"replies":[{"embeddable":true,"href":"https:\/\/steamatic.ca\/fr\/wp-json\/wp\/v2\/comments?post=297"}],"version-history":[{"count":20,"href":"https:\/\/steamatic.ca\/fr\/wp-json\/wp\/v2\/pages\/297\/revisions"}],"predecessor-version":[{"id":4692,"href":"https:\/\/steamatic.ca\/fr\/wp-json\/wp\/v2\/pages\/297\/revisions\/4692"}],"up":[{"embeddable":true,"href":"https:\/\/steamatic.ca\/fr\/wp-json\/wp\/v2\/pages\/173"}],"wp:attachment":[{"href":"https:\/\/steamatic.ca\/fr\/wp-json\/wp\/v2\/media?parent=297"}],"curies":[{"name":"wp","href":"https:\/\/api.w.org\/{rel}","templated":true}]}}