{"id":294,"date":"2019-11-29T15:00:39","date_gmt":"2019-11-29T20:00:39","guid":{"rendered":"https:\/\/steamatic.ca\/?page_id=294"},"modified":"2020-07-17T15:04:05","modified_gmt":"2020-07-17T19:04:05","slug":"restauration-apres-sinistre","status":"publish","type":"page","link":"https:\/\/steamatic.ca\/fr\/apres-sinistre\/restauration-apres-sinistre\/","title":{"rendered":"Restauration apr\u00e8s sinistre"},"content":{"rendered":"","protected":false},"excerpt":{"rendered":"","protected":false},"author":1,"featured_media":0,"parent":173,"menu_order":21,"comment_status":"closed","ping_status":"closed","template":"template-services.php","meta":{"_acf_changed":false,"_seopress_robots_primary_cat":"0","_seopress_titles_title":"Restauration apr\u00e8s sinistre Steamatic %%page%% %%sep%% %%sitename%% Canada","_seopress_titles_desc":"Restauration apr\u00e8s sinistre Steamatic - Les services de restauration apr\u00e8s sinistre de Steamatic vous permettent de revenir rapidement \u00e0 la normale.","_seopress_robots_index":"","footnotes":""},"class_list":["post-294","page","type-page","status-publish","hentry"],"acf":[],"_links":{"self":[{"href":"https:\/\/steamatic.ca\/fr\/wp-json\/wp\/v2\/pages\/294","targetHints":{"allow":["GET"]}}],"collection":[{"href":"https:\/\/steamatic.ca\/fr\/wp-json\/wp\/v2\/pages"}],"about":[{"href":"https:\/\/steamatic.ca\/fr\/wp-json\/wp\/v2\/types\/page"}],"author":[{"embeddable":true,"href":"https:\/\/steamatic.ca\/fr\/wp-json\/wp\/v2\/users\/1"}],"replies":[{"embeddable":true,"href":"https:\/\/steamatic.ca\/fr\/wp-json\/wp\/v2\/comments?post=294"}],"version-history":[{"count":11,"href":"https:\/\/steamatic.ca\/fr\/wp-json\/wp\/v2\/pages\/294\/revisions"}],"predecessor-version":[{"id":4722,"href":"https:\/\/steamatic.ca\/fr\/wp-json\/wp\/v2\/pages\/294\/revisions\/4722"}],"up":[{"embeddable":true,"href":"https:\/\/steamatic.ca\/fr\/wp-json\/wp\/v2\/pages\/173"}],"wp:attachment":[{"href":"https:\/\/steamatic.ca\/fr\/wp-json\/wp\/v2\/media?parent=294"}],"curies":[{"name":"wp","href":"https:\/\/api.w.org\/{rel}","templated":true}]}}