{"id":291,"date":"2019-11-29T14:57:00","date_gmt":"2019-11-29T19:57:00","guid":{"rendered":"https:\/\/steamatic.ca\/?page_id=291"},"modified":"2020-07-17T16:08:47","modified_gmt":"2020-07-17T20:08:47","slug":"restauration-apres-degat-deau","status":"publish","type":"page","link":"https:\/\/steamatic.ca\/fr\/apres-sinistre\/restauration-apres-degat-deau\/","title":{"rendered":"Restauration apr\u00e8s d\u00e9g\u00e2t d\u2019eau"},"content":{"rendered":"","protected":false},"excerpt":{"rendered":"","protected":false},"author":1,"featured_media":0,"parent":173,"menu_order":17,"comment_status":"closed","ping_status":"closed","template":"template-services.php","meta":{"_acf_changed":false,"_seopress_robots_primary_cat":"0","_seopress_titles_title":"Restauration apr\u00e8s d\u00e9g\u00e2t d&#039;eau %%page%% %%sep%% %%sitename%% Canada","_seopress_titles_desc":"Restauration apr\u00e8s d\u00e9g\u00e2t d&#039;eau - Le service de restauration apr\u00e8s d\u00e9g\u00e2t d&#039;eau permet de r\u00e9cup\u00e9rer et pr\u00e9venir les dommages \u00e0 vos biens et \u00e0 vos documents","_seopress_robots_index":"","footnotes":""},"class_list":["post-291","page","type-page","status-publish","hentry"],"acf":[],"_links":{"self":[{"href":"https:\/\/steamatic.ca\/fr\/wp-json\/wp\/v2\/pages\/291","targetHints":{"allow":["GET"]}}],"collection":[{"href":"https:\/\/steamatic.ca\/fr\/wp-json\/wp\/v2\/pages"}],"about":[{"href":"https:\/\/steamatic.ca\/fr\/wp-json\/wp\/v2\/types\/page"}],"author":[{"embeddable":true,"href":"https:\/\/steamatic.ca\/fr\/wp-json\/wp\/v2\/users\/1"}],"replies":[{"embeddable":true,"href":"https:\/\/steamatic.ca\/fr\/wp-json\/wp\/v2\/comments?post=291"}],"version-history":[{"count":19,"href":"https:\/\/steamatic.ca\/fr\/wp-json\/wp\/v2\/pages\/291\/revisions"}],"predecessor-version":[{"id":4702,"href":"https:\/\/steamatic.ca\/fr\/wp-json\/wp\/v2\/pages\/291\/revisions\/4702"}],"up":[{"embeddable":true,"href":"https:\/\/steamatic.ca\/fr\/wp-json\/wp\/v2\/pages\/173"}],"wp:attachment":[{"href":"https:\/\/steamatic.ca\/fr\/wp-json\/wp\/v2\/media?parent=291"}],"curies":[{"name":"wp","href":"https:\/\/api.w.org\/{rel}","templated":true}]}}