{"id":278,"date":"2019-11-29T14:50:59","date_gmt":"2019-11-29T19:50:59","guid":{"rendered":"https:\/\/steamatic.ca\/?page_id=278"},"modified":"2020-07-23T14:52:24","modified_gmt":"2020-07-23T18:52:24","slug":"nettoyage-de-revetements-de-planchers","status":"publish","type":"page","link":"https:\/\/steamatic.ca\/fr\/service-de-nettoyage\/nettoyage-de-revetements-de-planchers\/","title":{"rendered":"Nettoyage de rev\u00eatements de plancher"},"content":{"rendered":"","protected":false},"excerpt":{"rendered":"","protected":false},"author":1,"featured_media":0,"parent":128,"menu_order":52,"comment_status":"closed","ping_status":"closed","template":"template-services.php","meta":{"_acf_changed":false,"_seopress_robots_primary_cat":"0","_seopress_titles_title":"Nettoyage de rev\u00eatements de planchers Steamatic %%page%% %%sep%% %%sitename%%","_seopress_titles_desc":"Nettoyage rev\u00eatements planchers Steamatic - Notre nettoyage est id\u00e9al pour s\u2019assurer que vos planchers soient compl\u00e8tement libres de salet\u00e9 et de souillure","_seopress_robots_index":"","footnotes":""},"class_list":["post-278","page","type-page","status-publish","hentry"],"acf":[],"_links":{"self":[{"href":"https:\/\/steamatic.ca\/fr\/wp-json\/wp\/v2\/pages\/278","targetHints":{"allow":["GET"]}}],"collection":[{"href":"https:\/\/steamatic.ca\/fr\/wp-json\/wp\/v2\/pages"}],"about":[{"href":"https:\/\/steamatic.ca\/fr\/wp-json\/wp\/v2\/types\/page"}],"author":[{"embeddable":true,"href":"https:\/\/steamatic.ca\/fr\/wp-json\/wp\/v2\/users\/1"}],"replies":[{"embeddable":true,"href":"https:\/\/steamatic.ca\/fr\/wp-json\/wp\/v2\/comments?post=278"}],"version-history":[{"count":12,"href":"https:\/\/steamatic.ca\/fr\/wp-json\/wp\/v2\/pages\/278\/revisions"}],"predecessor-version":[{"id":4926,"href":"https:\/\/steamatic.ca\/fr\/wp-json\/wp\/v2\/pages\/278\/revisions\/4926"}],"up":[{"embeddable":true,"href":"https:\/\/steamatic.ca\/fr\/wp-json\/wp\/v2\/pages\/128"}],"wp:attachment":[{"href":"https:\/\/steamatic.ca\/fr\/wp-json\/wp\/v2\/media?parent=278"}],"curies":[{"name":"wp","href":"https:\/\/api.w.org\/{rel}","templated":true}]}}