{"id":269,"date":"2019-11-29T14:38:14","date_gmt":"2019-11-29T19:38:14","guid":{"rendered":"https:\/\/steamatic.ca\/?page_id=269"},"modified":"2020-07-23T14:39:47","modified_gmt":"2020-07-23T18:39:47","slug":"nettoyage-au-jet-de-glace-seche","status":"publish","type":"page","link":"https:\/\/steamatic.ca\/fr\/service-de-nettoyage\/nettoyage-au-jet-de-glace-seche\/","title":{"rendered":"Nettoyage au jet de glace s\u00e8che"},"content":{"rendered":"","protected":false},"excerpt":{"rendered":"","protected":false},"author":1,"featured_media":0,"parent":128,"menu_order":43,"comment_status":"closed","ping_status":"closed","template":"template-services.php","meta":{"_acf_changed":false,"_seopress_robots_primary_cat":"0","_seopress_titles_title":"Nettoyage au jet de glace s\u00e8che %%page%% %%sep%% %%sitename%% Canada","_seopress_titles_desc":"Nettoyage au jet de glace s\u00e8che - Le nettoyage par jet de glace s\u00e8che permet de nettoyer les surfaces souples et de se d\u00e9barrasser de la salet\u00e9 tenace.","_seopress_robots_index":"","footnotes":""},"class_list":["post-269","page","type-page","status-publish","hentry"],"acf":[],"_links":{"self":[{"href":"https:\/\/steamatic.ca\/fr\/wp-json\/wp\/v2\/pages\/269","targetHints":{"allow":["GET"]}}],"collection":[{"href":"https:\/\/steamatic.ca\/fr\/wp-json\/wp\/v2\/pages"}],"about":[{"href":"https:\/\/steamatic.ca\/fr\/wp-json\/wp\/v2\/types\/page"}],"author":[{"embeddable":true,"href":"https:\/\/steamatic.ca\/fr\/wp-json\/wp\/v2\/users\/1"}],"replies":[{"embeddable":true,"href":"https:\/\/steamatic.ca\/fr\/wp-json\/wp\/v2\/comments?post=269"}],"version-history":[{"count":16,"href":"https:\/\/steamatic.ca\/fr\/wp-json\/wp\/v2\/pages\/269\/revisions"}],"predecessor-version":[{"id":4888,"href":"https:\/\/steamatic.ca\/fr\/wp-json\/wp\/v2\/pages\/269\/revisions\/4888"}],"up":[{"embeddable":true,"href":"https:\/\/steamatic.ca\/fr\/wp-json\/wp\/v2\/pages\/128"}],"wp:attachment":[{"href":"https:\/\/steamatic.ca\/fr\/wp-json\/wp\/v2\/media?parent=269"}],"curies":[{"name":"wp","href":"https:\/\/api.w.org\/{rel}","templated":true}]}}