{"id":248,"date":"2019-11-29T14:20:01","date_gmt":"2019-11-29T19:20:01","guid":{"rendered":"https:\/\/steamatic.ca\/?page_id=248"},"modified":"2020-07-23T14:32:08","modified_gmt":"2020-07-23T18:32:08","slug":"nettoyage-de-conduits-daeration","status":"publish","type":"page","link":"https:\/\/steamatic.ca\/fr\/service-de-nettoyage\/nettoyage-de-conduits-daeration\/","title":{"rendered":"Nettoyage de conduits d\u2019a\u00e9ration"},"content":{"rendered":"","protected":false},"excerpt":{"rendered":"","protected":false},"author":1,"featured_media":0,"parent":128,"menu_order":36,"comment_status":"closed","ping_status":"closed","template":"template-services.php","meta":{"_acf_changed":false,"_seopress_robots_primary_cat":"0","_seopress_titles_title":"Nettoyage de conduits d&#039;a\u00e9ration %%page%% %%sep%% %%sitename%% Canada","_seopress_titles_desc":"Nettoyage de conduits d&#039;a\u00e9ration - Steamatic offre un service de consultation gratuite afin de d\u00e9terminer si vous avez besoin de nos services.","_seopress_robots_index":"","footnotes":""},"class_list":["post-248","page","type-page","status-publish","hentry"],"acf":[],"_links":{"self":[{"href":"https:\/\/steamatic.ca\/fr\/wp-json\/wp\/v2\/pages\/248","targetHints":{"allow":["GET"]}}],"collection":[{"href":"https:\/\/steamatic.ca\/fr\/wp-json\/wp\/v2\/pages"}],"about":[{"href":"https:\/\/steamatic.ca\/fr\/wp-json\/wp\/v2\/types\/page"}],"author":[{"embeddable":true,"href":"https:\/\/steamatic.ca\/fr\/wp-json\/wp\/v2\/users\/1"}],"replies":[{"embeddable":true,"href":"https:\/\/steamatic.ca\/fr\/wp-json\/wp\/v2\/comments?post=248"}],"version-history":[{"count":20,"href":"https:\/\/steamatic.ca\/fr\/wp-json\/wp\/v2\/pages\/248\/revisions"}],"predecessor-version":[{"id":4897,"href":"https:\/\/steamatic.ca\/fr\/wp-json\/wp\/v2\/pages\/248\/revisions\/4897"}],"up":[{"embeddable":true,"href":"https:\/\/steamatic.ca\/fr\/wp-json\/wp\/v2\/pages\/128"}],"wp:attachment":[{"href":"https:\/\/steamatic.ca\/fr\/wp-json\/wp\/v2\/media?parent=248"}],"curies":[{"name":"wp","href":"https:\/\/api.w.org\/{rel}","templated":true}]}}