{"id":130,"date":"2019-11-27T16:47:05","date_gmt":"2019-11-27T21:47:05","guid":{"rendered":"https:\/\/steamatic.ca\/?page_id=130"},"modified":"2020-07-23T14:45:36","modified_gmt":"2020-07-23T18:45:36","slug":"nettoyage-de-graffitis","status":"publish","type":"page","link":"https:\/\/steamatic.ca\/fr\/service-de-nettoyage\/nettoyage-de-graffitis\/","title":{"rendered":"Nettoyage de graffitis"},"content":{"rendered":"","protected":false},"excerpt":{"rendered":"","protected":false},"author":1,"featured_media":0,"parent":128,"menu_order":48,"comment_status":"closed","ping_status":"closed","template":"template-services.php","meta":{"_acf_changed":false,"_seopress_robots_primary_cat":"0","_seopress_titles_title":"Nettoyage de graffitis Steamatic Canada %%page%% %%sep%% %%sitename%%","_seopress_titles_desc":"Nettoyage de graffitis Steamatic - Nous utilisons les m\u00e9thodes les plus efficaces et les plus r\u00e9centes pour votre restauration apr\u00e8s vandalisme","_seopress_robots_index":"","footnotes":""},"class_list":["post-130","page","type-page","status-publish","hentry"],"acf":[],"_links":{"self":[{"href":"https:\/\/steamatic.ca\/fr\/wp-json\/wp\/v2\/pages\/130","targetHints":{"allow":["GET"]}}],"collection":[{"href":"https:\/\/steamatic.ca\/fr\/wp-json\/wp\/v2\/pages"}],"about":[{"href":"https:\/\/steamatic.ca\/fr\/wp-json\/wp\/v2\/types\/page"}],"author":[{"embeddable":true,"href":"https:\/\/steamatic.ca\/fr\/wp-json\/wp\/v2\/users\/1"}],"replies":[{"embeddable":true,"href":"https:\/\/steamatic.ca\/fr\/wp-json\/wp\/v2\/comments?post=130"}],"version-history":[{"count":17,"href":"https:\/\/steamatic.ca\/fr\/wp-json\/wp\/v2\/pages\/130\/revisions"}],"predecessor-version":[{"id":4905,"href":"https:\/\/steamatic.ca\/fr\/wp-json\/wp\/v2\/pages\/130\/revisions\/4905"}],"up":[{"embeddable":true,"href":"https:\/\/steamatic.ca\/fr\/wp-json\/wp\/v2\/pages\/128"}],"wp:attachment":[{"href":"https:\/\/steamatic.ca\/fr\/wp-json\/wp\/v2\/media?parent=130"}],"curies":[{"name":"wp","href":"https:\/\/api.w.org\/{rel}","templated":true}]}}