{"id":100,"date":"2019-11-26T15:53:45","date_gmt":"2019-11-26T20:53:45","guid":{"rendered":"https:\/\/steamatic.ca\/?page_id=100"},"modified":"2020-07-23T14:58:21","modified_gmt":"2020-07-23T18:58:21","slug":"temoignages","status":"publish","type":"page","link":"https:\/\/steamatic.ca\/fr\/temoignages\/","title":{"rendered":"T\u00e9moignages"},"content":{"rendered":"","protected":false},"excerpt":{"rendered":"","protected":false},"author":1,"featured_media":0,"parent":0,"menu_order":56,"comment_status":"closed","ping_status":"closed","template":"template-temoignages.php","meta":{"_acf_changed":false,"_seopress_robots_primary_cat":"0","_seopress_titles_title":"T\u00e9moignages Services apr\u00e8s sinistre Steamatic %%page%% %%sep%% %%sitename%%","_seopress_titles_desc":"T\u00e9moignages Services sinistre Steamatic - D\u00e9couvrez les t\u00e9moignages de nos clients satisfaits par nos services de nettoyage et apr\u00e8s sinistre","_seopress_robots_index":"","footnotes":""},"class_list":["post-100","page","type-page","status-publish","hentry"],"acf":[],"_links":{"self":[{"href":"https:\/\/steamatic.ca\/fr\/wp-json\/wp\/v2\/pages\/100","targetHints":{"allow":["GET"]}}],"collection":[{"href":"https:\/\/steamatic.ca\/fr\/wp-json\/wp\/v2\/pages"}],"about":[{"href":"https:\/\/steamatic.ca\/fr\/wp-json\/wp\/v2\/types\/page"}],"author":[{"embeddable":true,"href":"https:\/\/steamatic.ca\/fr\/wp-json\/wp\/v2\/users\/1"}],"replies":[{"embeddable":true,"href":"https:\/\/steamatic.ca\/fr\/wp-json\/wp\/v2\/comments?post=100"}],"version-history":[{"count":24,"href":"https:\/\/steamatic.ca\/fr\/wp-json\/wp\/v2\/pages\/100\/revisions"}],"predecessor-version":[{"id":4693,"href":"https:\/\/steamatic.ca\/fr\/wp-json\/wp\/v2\/pages\/100\/revisions\/4693"}],"wp:attachment":[{"href":"https:\/\/steamatic.ca\/fr\/wp-json\/wp\/v2\/media?parent=100"}],"curies":[{"name":"wp","href":"https:\/\/api.w.org\/{rel}","templated":true}]}}